{"id":22,"date":"2018-10-22T20:43:09","date_gmt":"2018-10-22T20:43:09","guid":{"rendered":"http:\/\/bastalapasta.de\/?page_id=22"},"modified":"2024-06-26T19:00:54","modified_gmt":"2024-06-26T19:00:54","slug":"ueber-uns","status":"publish","type":"page","link":"https:\/\/bastalapasta.de\/?page_id=22","title":{"rendered":"\u00dcber uns"},"content":{"rendered":"<h3><span style=\"color: #0000ff;\">K\u00d6LSCHE\u00a0 CANZONI \u2013 LOSS MER AZZURRO SINGE!<\/span><\/h3>\n<p><span style=\"color: #000000;\"><img loading=\"lazy\" decoding=\"async\" class=\"size-medium wp-image-33 alignleft\" src=\"http:\/\/bastalapasta.de\/wp-content\/uploads\/2018\/10\/IMG_7862-200x300.jpg\" alt=\"\" width=\"200\" height=\"300\" srcset=\"https:\/\/bastalapasta.de\/wp-content\/uploads\/2018\/10\/IMG_7862-200x300.jpg 200w, https:\/\/bastalapasta.de\/wp-content\/uploads\/2018\/10\/IMG_7862-768x1152.jpg 768w, https:\/\/bastalapasta.de\/wp-content\/uploads\/2018\/10\/IMG_7862-683x1024.jpg 683w\" sizes=\"(max-width: 200px) 100vw, 200px\" \/><\/span><\/p>\n<p><span style=\"color: #000000;\">Das Bonner Duo <strong><span style=\"color: #0000ff;\">BastaLaPasta<\/span><\/strong> besteht aus dem musikalischen Tausendsassa Gregor Kess am Akkordeon und Keyboard und Bernd M\u00fcller, Gesangs- und karnevalserprobter, ehemaliger Italienischlehrer. <\/span><\/p>\n<p><span style=\"color: #000000;\">Wir enth\u00fcllen in unserm Programm <strong><span style=\"color: #0000ff;\">\u201eK\u00d6LSCHE\u00a0 CANZONI \u2013 LOSS MER AZZURRO SINGE!\u201c<\/span><\/strong> &#8211; augenzwinkernd &#8211; bisher unbekannte musikalische Querverbindungen zwischen urk\u00f6lschen Liedern und der Musica italiana: So weisen wir nach, dass ber\u00fchmte Ostermann-Klassiker einer bisher unbekannten Verdi-Oper entlehnt sind, w\u00e4hrend der Welthit VOLARE in Wahrheit ROULADE hei\u00dft und von Jupp Schmitz in einem K\u00f6lner Brauhaus komponiert wurde.<br \/>\n<\/span><br \/>\n<span style=\"color: #000000;\">Und der Clou: Ihr, das Publikum, singt in beiden Sprachen problemlos mit! <\/span><\/p>\n<p>&nbsp;<\/p>\n<p><span style=\"color: #000000;\">Vorkenntnisse sind dabei nicht vonn\u00f6ten. <\/span><span style=\"color: #ff0000;\"><strong><a style=\"color: #ff0000;\" href=\"http:\/\/bastalapasta.de\/wp-content\/uploads\/2024\/06\/00-Liederheft-2024-fuer-Homepage.pdf\">Liedhefte zum Mitsingen<\/a> gibt&#8217;s dazu.<\/strong><\/span><br \/>\n<span style=\"color: #000000;\"><span style=\"color: #0000ff;\"><strong>BastaLaPasta<\/strong><\/span> empfiehlt sich als Vorspeise, Hauptgang oder Dessert zu Familien-, Vereins- und Betriebsfesten und Jubil\u00e4en aller Art und als abendf\u00fcllendes Mitsingkonzert.<\/span><\/p>\n<p><span style=\"color: #000000;\">Das Programm wird inhaltlich und zeitlich wunschgem\u00e4\u00df nach dem Anlass gestaltet und dauert von 30 Minuten bis zu 2 Stunden.<\/span><\/p>\n","protected":false},"excerpt":{"rendered":"<p>K\u00d6LSCHE\u00a0 CANZONI \u2013 LOSS MER AZZURRO SINGE! Das Bonner Duo BastaLaPasta besteht aus dem musikalischen Tausendsassa Gregor Kess am Akkordeon und Keyboard und Bernd M\u00fcller, Gesangs- und karnevalserprobter, ehemaliger Italienischlehrer. Wir enth\u00fcllen in unserm Programm \u201eK\u00d6LSCHE\u00a0 CANZONI \u2013 LOSS MER AZZURRO SINGE!\u201c &#8211; augenzwinkernd &#8211; bisher unbekannte musikalische Querverbindungen zwischen urk\u00f6lschen Liedern und der Musica [&hellip;]<\/p>\n","protected":false},"author":1,"featured_media":33,"parent":0,"menu_order":0,"comment_status":"closed","ping_status":"closed","template":"","meta":{"footnotes":""},"_links":{"self":[{"href":"https:\/\/bastalapasta.de\/index.php?rest_route=\/wp\/v2\/pages\/22"}],"collection":[{"href":"https:\/\/bastalapasta.de\/index.php?rest_route=\/wp\/v2\/pages"}],"about":[{"href":"https:\/\/bastalapasta.de\/index.php?rest_route=\/wp\/v2\/types\/page"}],"author":[{"embeddable":true,"href":"https:\/\/bastalapasta.de\/index.php?rest_route=\/wp\/v2\/users\/1"}],"replies":[{"embeddable":true,"href":"https:\/\/bastalapasta.de\/index.php?rest_route=%2Fwp%2Fv2%2Fcomments&post=22"}],"version-history":[{"count":27,"href":"https:\/\/bastalapasta.de\/index.php?rest_route=\/wp\/v2\/pages\/22\/revisions"}],"predecessor-version":[{"id":538,"href":"https:\/\/bastalapasta.de\/index.php?rest_route=\/wp\/v2\/pages\/22\/revisions\/538"}],"wp:featuredmedia":[{"embeddable":true,"href":"https:\/\/bastalapasta.de\/index.php?rest_route=\/wp\/v2\/media\/33"}],"wp:attachment":[{"href":"https:\/\/bastalapasta.de\/index.php?rest_route=%2Fwp%2Fv2%2Fmedia&parent=22"}],"curies":[{"name":"wp","href":"https:\/\/api.w.org\/{rel}","templated":true}]}}