{"id":82,"date":"2018-10-22T20:42:28","date_gmt":"2018-10-22T20:42:28","guid":{"rendered":"http:\/\/bastalapasta.de\/?page_id=82"},"modified":"2025-04-20T08:49:30","modified_gmt":"2025-04-20T08:49:30","slug":"basta-la-pasta-in-der-presse","status":"publish","type":"page","link":"https:\/\/bastalapasta.de\/?page_id=82","title":{"rendered":"Reaktionen und Berichte zu Basta La Pasta"},"content":{"rendered":"<h3><span style=\"color: #0000ff;\">Publikumsreaktionen:<\/span><\/h3>\r\n<h5 class=\"moz-quote-pre\" style=\"text-align: center;\"><span style=\"color: #000000;\"><em>&#8222;Es war fast wie in einer anderen Welt: Voller Spa\u00df, lustig, intensiv und sehr musikalisch und von Ihnen beiden ohne Druck und mit viel Herzensw\u00e4rme vermittelt. Koelsch und italienisch passen joot zusamme&#8220;. (Claus B.)<\/em><\/span><\/h5>\r\n<hr \/>\r\n<h5><span style=\"color: #000000;\">&#8222;Et wor einfach toll! Ich han mich koesslisch am\u00fcseeet! Danke, dat ich dobei sin durf!&#8220; (Liesel L.)<\/span><\/h5>\r\n<hr \/>\r\n<h5><span style=\"color: #000000;\"><em>\u201eLieber Bernd, lieber Gregor, mein Dank geb\u00fchrt dem wunderbaren BastaLaPasta-Duo, also Ihnen!!! Mehr als einmal versp\u00fcrte ich an diesem Abend ein regelrechtes G\u00e4nsehautfeeling. Es war ein wunderbarer Abend wie in einer italienischen Trattoria, ein 11.im Elften om Alter Markt in K\u00f6lle oder einfach Heimat!!! &#8230;und die Ohrw\u00fcrmer haben sich immer noch nicht verabschiedet. Ich w\u00fcnsche Ihnen, dass Sie so agil bleiben, dass Sie anderen Menschen weiterhin Freude bereiten k\u00f6nnen. \u00dcbrigens, meine Freundin war ebenso von dem Abend begeistert. Herzliche Gr\u00fc\u00dfe, Christa B.<\/em><\/span><\/h5>\r\n<hr \/>\r\n<h5><span style=\"color: #000000;\">\u201eEs war wirklich ein sehr sch\u00f6ner, unterhaltsamer Abend. Meiner Frau und mir habt ihr viel Freude mit eurer Musik und \u00fcberhaupt mit eurem Auftritt bereitet. Wir waren nicht zum ersten Mal und mit Sicherheit nicht zum letzten Mal bei einem eurer Konzerte dabei.\u201c<em> (<\/em>Rainer S.)<\/span><\/h5>\r\n<hr \/>\r\n<h5><span style=\"color: #000000;\">\u201eMein ganz herzliches Dankesch\u00f6n an euch Zwei vom Gute-Laune-Duo Basta La Pasta!!! Es war ein rundum gelungener Abend an einem ausgesprochen sch\u00f6nen Ort. Ihr habt das Publikum von der ersten Minute an in Schwingungen versetzt und mit einem tollen Programm aus der gemischten Runde im Null Komma Nichts einen k\u00f6lsch-italienischen Chor formiert. Echt mitrei\u00dfend wart ihr und habt Begeisterung hinterlassen \u2013 f\u00fcrs Singen, f\u00fcrs Rheinische und f\u00fcrs Italienische. Ich h\u00e4tte noch Stunden weitersingen k\u00f6nnen und bin beim n\u00e4chsten Mal wieder dabei. Euch und dem tollen Team vom Heimatmuseum DANKE und ein dreifaches Beuel ALAAF! Herzliche Gr\u00fc\u00dfe, Margit S.\u201c<\/span><\/h5>\r\n<hr \/>\r\n<h5><span style=\"color: #000000;\">&#8222;Es war ein wundersch\u00f6ner Abend, da werde ich mich noch lange daran erinnern. Es war alles stimmig, Ihre Musik und die herrlichen Lieder, das Ambiente und die G\u00e4ste &#8230;.alles stimmte.\u201c (Marion H.)<\/span><\/h5>\r\n<hr \/>\r\n<h5><span style=\"color: #000000;\">&#8222;Lieber Bernd, lieber Gregor, es war ein mehr als wunderbarer Abend mit herrlich &#8222;doppelt&#8220; heimatlichen Kl\u00e4ngen. Ihr ward SO was von unglaublich gut drauf! Immer und jederzeit gerne mehr davon! All meine Freundinnen und Freunde waren genauso begeistert und sind beim n\u00e4chsten Auftritt in Beuel oder n\u00e4herer Umgebung definitiv wieder dabei. Nochmal \u2764\ufe0flichen Dank und ganz liebe Gr\u00fc\u00dfe, Renate M.\u201c<\/span><\/h5>\r\n<hr \/>\r\n<h5><span style=\"color: #000000;\">\u201eLieber Bernd, lieber Gregor! Wir waren gestern zu viert das erste Mal bei Eurem k\u00f6lsch-italienischen Abend! Die Vorfreude war gro\u00df und das Konzert hat alles \u00fcbertroffen, was wir uns je vorgestellt hatten! Ihr habt wirklich alles gegeben, uns &#8222;mitgerissen&#8220; und uns dadurch einen wundersch\u00f6nen, stimmungsvollen Abend beschert! Die k\u00f6lschen und rheinischen Lieder hatten wir locker drauf! Bei der italienischen Version haperte es hier und da schon, aber das wird sich im n\u00e4chsten Jahr verbessern! Macht weiter so! Ihr verbreitet so viel Lebenslust und Freude, die in der heutigen Zeit dringend ben\u00f6tigt wird! Danke! Bis zum n\u00e4chsten Mal! Bleibt gesund und munter!\u201c (Ingelore K.)<\/span><\/h5>\r\n<hr \/>\r\n<div class=\"elementor-element elementor-element-25c0a35 elementor-widget elementor-widget-heading\" data-id=\"25c0a35\" data-element_type=\"widget\" data-widget_type=\"heading.default\">\r\n<div class=\"elementor-widget-container\">\r\n<h2><span style=\"color: #000000;\"><img loading=\"lazy\" decoding=\"async\" class=\"wp-image-484 alignright\" src=\"http:\/\/bastalapasta.de\/wp-content\/uploads\/2023\/07\/Wir-in-Beuel-212x300.png\" alt=\"\" width=\"296\" height=\"419\" srcset=\"https:\/\/bastalapasta.de\/wp-content\/uploads\/2023\/07\/Wir-in-Beuel-212x300.png 212w, https:\/\/bastalapasta.de\/wp-content\/uploads\/2023\/07\/Wir-in-Beuel-723x1024.png 723w, https:\/\/bastalapasta.de\/wp-content\/uploads\/2023\/07\/Wir-in-Beuel-768x1087.png 768w, https:\/\/bastalapasta.de\/wp-content\/uploads\/2023\/07\/Wir-in-Beuel-1085x1536.png 1085w, https:\/\/bastalapasta.de\/wp-content\/uploads\/2023\/07\/Wir-in-Beuel.png 1239w\" sizes=\"(max-width: 296px) 100vw, 296px\" \/><\/span><\/h2>\r\n<h5><span style=\"color: #000000;\"><em>&#8222;Liebes BASTALAPASTA-Duett,<\/em><\/span><br \/><em><span style=\"color: #000000;\">ich hatte Gl\u00fcck, habe noch die erw\u00fcnschten Karten f\u00fcr das Konzert im Beueler Heimatmuseum gestern bekommen. Und jetzt bin ich begeistert. Ein toller Abend mit viel Witz, clever ausgesuchten Liedern, einem spitzen BASTLAPASTA-Duett und nat\u00fcrlich einem begeisterungsf\u00e4higen Zuh\u00f6rer-Chor. Was will man mehr &#8211; au\u00dfer erfahren, wann es das wo wieder gibt&#8230;&#8220; (Thomas H.)<\/span><br \/><\/em><\/h5>\r\n<h3><span style=\"color: #0000ff;\">Presseberichte<\/span><\/h3>\r\n<h2><\/h2>\r\n<h5 class=\"has-text-color has-very-dark-gray-color\"><a href=\"http:\/\/bastalapasta.de\/?p=135\">Bonner General-Anzeiger vom 11.06.2018 <\/a><\/h5>\r\n<h5>\r\n\r\n<\/h5>\r\n<h5 class=\"has-text-color has-very-dark-gray-color\"><a href=\"http:\/\/bastalapasta.de\/wp-content\/uploads\/2018\/10\/ksta-09-03-2018.pdf\">K\u00f6lner Stadtanzeiger vom 09.03.2018 (PDF)<\/a><\/h5>\r\n<h5>\r\n\r\n<\/h5>\r\n<h5 class=\"has-text-color has-very-dark-gray-color\"><a href=\"http:\/\/bastalapasta.de\/?p=139\">Wir in Beuel vom 04.11.2017<\/a><\/h5>\r\n<h5>\u00a0<\/h5>\r\n<h5>https:\/\/broeckemaennche.online\/beuel-mitte\/<\/h5>\r\n<h2 class=\"elementor-heading-title elementor-size-default\"><span style=\"color: #000080;\">BastaLaPasta holt Rom an den Rhein<\/span><\/h2>\r\n<\/div>\r\n<\/div>\r\n<div class=\"elementor-element elementor-element-e343fa9 elementor-widget elementor-widget-text-editor\" data-id=\"e343fa9\" data-element_type=\"widget\" data-widget_type=\"text-editor.default\">\r\n<div class=\"elementor-widget-container\">\r\n<h5><span style=\"color: #000080;\">Beueler Duo rockt das Heimatmuseum<\/span><\/h5>\r\n<p><span style=\"color: #000080;\"><strong>Beuel-Mitte.<\/strong>\u00a0F\u00fcr einen\u00a0<strong>Rheinisch-italienischen Sommernachtskonzertabend<\/strong>\u00a0im lauschigen Innenhof des Beueler Heimatmuseums, hatten die flei\u00dfigen Helferinnen und Helfer alles vorbereitet: Pizza, Bruschetta, Vino sowie Schnittchen und K\u00f6lsch.<\/span><\/p>\r\n<p><span style=\"color: #000080;\">Wegen des Regens musste die Open Air Veranstaltung zwar kurzfristig in die Scheune verlegt werden, aber die zahlreichen Besucherinnen und Besucher sollten ihr Kommen nicht bereuen:\u00a0<strong>BastaLaPasta, ein Beueler Musikduo,\u00a0<\/strong>bestehend aus dem musikalischen Allrounder,\u00a0<strong>Gregor Kess<\/strong>\u00a0am Keyboard und Akkordeon, sowie dem S\u00e4nger und Texter\u00a0<strong>Bernd M\u00fcller<\/strong>\u00a0begeisterte in einem \u00fcber zweist\u00fcndigen Konzert das zahlreich erschienene Publikum und riss es im wahrsten Sinne von den St\u00fchlen. In ihrem Programm \u201eK\u00f6lsche Canzoni \u2013 Loss mer Auzurro singe!\u201c enth\u00fcllten die beiden \u2013 augenzwinkernd \u2013 bisher unbekannte musikalische Querverbindungen zwischen urk\u00f6lschen Liedern und der Musica italiana.<\/span><\/p>\r\n<p><span style=\"color: #000080;\">So wies der ehemalige Italienischlehrer Bernd M\u00fcller sehr \u00fcberzeugend nach, dass ber\u00fchmte k\u00f6lsche Klassiker einer bisher unbekannten Verdi-Oper entlehnt sind, w\u00e4hrend der Welthit Volare in Wahrheit Roulade hei\u00dft und in einem K\u00f6lner Brauhaus komponiert wurde. Und das mit Liedheften ausgestattete Publikum sang aus Leibeskr\u00e4ften in beiden Sprachen mit.<\/span><\/p>\r\n<p><span style=\"color: #000080;\">Bezugnehmend auf die Bonner Verkehrswende enth\u00fcllten bestens aufgelegten Musiker zudem ein noch streng geh\u00fctetes Geheimnis:\u00a0<strong>Die geplante Bonner Seilbahn wird h\u00f6chstwahrscheinlich einen Zwischenhalt im Beueler Heimatmuseum machen.<\/strong>\u00a0Und das Lied zum geplanten Projekt hatten sie auch schon parat: In einer Mischung aus rheinischem Frohsinn und mediterranem Temperament hei\u00dft es jetzt \u201eHurra, wir Bonner kriejen bahl en Seilbahn!\u201c. Zur Melodie des italienischen Welthits\u00a0<strong>\u201eFunicul\u00ec, Funicul\u00e0\u201c<\/strong>\u00a0lautet der Refrain:<\/span><\/p>\r\n<p><span style=\"color: #000080;\">\u201eLommer em Sommer fahre hin un her! Bonner, lommer meide der Verkehr! Mir luure he, mir luure do, mir luure he, mir luure do! Ich kann et jar nit jl\u00f6\u00f6ve, doch die Seilbahn, die widd wohr.\u201c<\/span><\/p>\r\n<p style=\"text-align: right;\"><em><span style=\"color: #003366;\">WIR IN BEUEL, Ausgabe vom 23.6.2023<\/span><\/em><\/p>\r\n<h2 class=\"elementor-heading-title elementor-size-default\"><span style=\"color: #000080;\">BastaLaPasta pr\u00e4sentiert Beethovens Ode an die Fraue<\/span><\/h2>\r\n<h4><span style=\"color: #000080;\">Ludwig van Beethoven verfasste eine Hymne auf seine Heimatstadt Bonn und die Beueler Wiever:<\/span><\/h4>\r\n<p><img loading=\"lazy\" decoding=\"async\" class=\"alignleft  wp-image-528\" src=\"http:\/\/bastalapasta.de\/wp-content\/uploads\/2024\/01\/Screenshot-2024-01-12-180316-300x173.jpg\" alt=\"\" width=\"416\" height=\"240\" srcset=\"https:\/\/bastalapasta.de\/wp-content\/uploads\/2024\/01\/Screenshot-2024-01-12-180316-300x173.jpg 300w, https:\/\/bastalapasta.de\/wp-content\/uploads\/2024\/01\/Screenshot-2024-01-12-180316-1024x589.jpg 1024w, https:\/\/bastalapasta.de\/wp-content\/uploads\/2024\/01\/Screenshot-2024-01-12-180316-768x442.jpg 768w, https:\/\/bastalapasta.de\/wp-content\/uploads\/2024\/01\/Screenshot-2024-01-12-180316.jpg 1099w\" sizes=\"(max-width: 416px) 100vw, 416px\" \/><\/p>\r\n<h5>\u00a0<\/h5>\r\n<h5>\u00a0<\/h5>\r\n<h5>\u00a0<\/h5>\r\n<h5>\u00a0<\/h5>\r\n<h5>\u00a0<\/h5>\r\n<h5>\u00a0<\/h5>\r\n<h5><span style=\"color: #000080;\"><em>\u201eJo, ich bin am Rhing jeboore,<\/em><\/span><\/h5>\r\n<h5><span style=\"color: #000080;\"><em>schrief der Text em B\u00f6nnsche Platt.<\/em><\/span><\/h5>\r\n<h5><span style=\"color: #000080;\"><em>Ode an die Freud erkoore<\/em><\/span><\/h5>\r\n<h5><span style=\"color: #000080;\"><em>Loblied op ming Heimatstadt.<\/em><\/span><\/h5>\r\n<h5><span style=\"color: #000080;\"><em>Bin ber\u00fchmt un taub jewoode<\/em><\/span><\/h5>\r\n<h5><span style=\"color: #000080;\"><em>he im weltjewandte Wien.<\/em><\/span><\/h5>\r\n<h5><span style=\"color: #000080;\"><em>Doch ich kann nur jedem roode:<\/em><\/span><\/h5>\r\n<h5><span style=\"color: #000080;\"><em>Bliev doheem am sch\u00f6ne Rhing<\/em><\/span><\/h5>\r\n<h5><span style=\"color: #000080;\"><em>Do wo stolze Wiever fiere<\/em><\/span><\/h5>\r\n<h5><span style=\"color: #000080;\"><em>Prinzessin un en Oberm\u00f6hn<\/em><\/span><\/h5>\r\n<h5><span style=\"color: #000080;\"><em>f\u00fcr ihr Rechte protestiere.<\/em><\/span><\/h5>\r\n<h5><span style=\"color: #000080;\"><em>Beueler M\u00e4dche wundersch\u00f6n!&#8220;<\/em><\/span><\/h5>\r\n<h4><span style=\"color: #000080;\">Klicken Sie <a href=\"https:\/\/broeckemaennche.online\/ausstellungseroffnung-heimatmuseum\/\"><span style=\"color: #993300;\">hier<\/span> <\/a>und lesen und h\u00f6ren Sie selbst.<\/span><\/h4>\r\n<\/div>\r\n<\/div>\r\n","protected":false},"excerpt":{"rendered":"<p>Publikumsreaktionen: &#8222;Es war fast wie in einer anderen Welt: Voller Spa\u00df, lustig, intensiv und sehr musikalisch und von Ihnen beiden ohne Druck und mit viel Herzensw\u00e4rme vermittelt. Koelsch und italienisch passen joot zusamme&#8220;. (Claus B.) &#8222;Et wor einfach toll! Ich han mich koesslisch am\u00fcseeet! Danke, dat ich dobei sin durf!&#8220; (Liesel L.) \u201eLieber Bernd, lieber [&hellip;]<\/p>\n","protected":false},"author":1,"featured_media":0,"parent":0,"menu_order":0,"comment_status":"closed","ping_status":"closed","template":"","meta":{"footnotes":""},"_links":{"self":[{"href":"https:\/\/bastalapasta.de\/index.php?rest_route=\/wp\/v2\/pages\/82"}],"collection":[{"href":"https:\/\/bastalapasta.de\/index.php?rest_route=\/wp\/v2\/pages"}],"about":[{"href":"https:\/\/bastalapasta.de\/index.php?rest_route=\/wp\/v2\/types\/page"}],"author":[{"embeddable":true,"href":"https:\/\/bastalapasta.de\/index.php?rest_route=\/wp\/v2\/users\/1"}],"replies":[{"embeddable":true,"href":"https:\/\/bastalapasta.de\/index.php?rest_route=%2Fwp%2Fv2%2Fcomments&post=82"}],"version-history":[{"count":29,"href":"https:\/\/bastalapasta.de\/index.php?rest_route=\/wp\/v2\/pages\/82\/revisions"}],"predecessor-version":[{"id":546,"href":"https:\/\/bastalapasta.de\/index.php?rest_route=\/wp\/v2\/pages\/82\/revisions\/546"}],"wp:attachment":[{"href":"https:\/\/bastalapasta.de\/index.php?rest_route=%2Fwp%2Fv2%2Fmedia&parent=82"}],"curies":[{"name":"wp","href":"https:\/\/api.w.org\/{rel}","templated":true}]}}